{"id":9322,"date":"2020-01-06T17:43:52","date_gmt":"2020-01-06T17:43:52","guid":{"rendered":"http:\/\/www.ninnikka.fi\/?page_id=9322"},"modified":"2020-01-06T19:27:00","modified_gmt":"2020-01-06T19:27:00","slug":"arvopuu","status":"publish","type":"page","link":"http:\/\/www.ninnikka.fi\/index.php\/arvopuu\/","title":{"rendered":"Arvoperusta"},"content":{"rendered":"<style type=\"text\/css\"> \n#cmsmasters_row_69f38a285249c { \n\tbackground-color:#634c7a;\n} \n\n#cmsmasters_row_69f38a285249c .cmsmasters_row_outer_parent { \n\tpadding-top: 200px; \n} \n\n#cmsmasters_row_69f38a285249c .cmsmasters_row_outer_parent { \n\tpadding-bottom: 50px; \n} \n\n \n#cmsmasters_row_69f38a2852c47 { \n\tbackground-color:#634c7a;\n} \n\n#cmsmasters_row_69f38a2852c47 .cmsmasters_row_outer_parent { \n\tpadding-top: 70px; \n} \n\n#cmsmasters_row_69f38a2852c47 .cmsmasters_row_outer_parent { \n\tpadding-bottom: 65px; \n} \n\n\r\n\t\t\t#cmsmasters_row_69f38a2852c47.cmsmasters_row_top_zigzag:before, \r\n\t\t\t#cmsmasters_row_69f38a2852c47.cmsmasters_row_bot_zigzag:after {\r\n\t\t\t\tbackground-image: -webkit-linear-gradient(135deg, #634c7a 25%, transparent 25%), \r\n\t\t\t\t\t\t-webkit-linear-gradient(45deg, #634c7a 25%, transparent 25%);\r\n\t\t\t\tbackground-image: -moz-linear-gradient(135deg, #634c7a 25%, transparent 25%), \r\n\t\t\t\t\t\t-moz-linear-gradient(45deg, #634c7a 25%, transparent 25%);\r\n\t\t\t\tbackground-image: -ms-linear-gradient(135deg, #634c7a 25%, transparent 25%), \r\n\t\t\t\t\t\t-ms-linear-gradient(45deg, #634c7a 25%, transparent 25%);\r\n\t\t\t\tbackground-image: -o-linear-gradient(135deg, #634c7a 25%, transparent 25%), \r\n\t\t\t\t\t\t-o-linear-gradient(45deg, #634c7a 25%, transparent 25%);\r\n\t\t\t\tbackground-image: linear-gradient(315deg, #634c7a 25%, transparent 25%), \r\n\t\t\t\t\t\tlinear-gradient(45deg, #634c7a 25%, transparent 25%);\r\n\t\t\t} \n#cmsmasters_heading_69f38a2852d4a { \n\ttext-align:left; \n\tmargin-top:0px; \n\tmargin-bottom:5px; \n} \n\n#cmsmasters_heading_69f38a2852d4a .cmsmasters_heading { \n\ttext-align:left; \n} \n\n#cmsmasters_heading_69f38a2852d4a .cmsmasters_heading, #cmsmasters_heading_69f38a2852d4a .cmsmasters_heading a { \n\tfont-weight:normal; \n\tfont-style:normal; \n\tcolor:#ffffff;\n} \n\n#cmsmasters_heading_69f38a2852d4a .cmsmasters_heading_divider { \n} \n\n \n#cmsmasters_heading_69f38a2852d97 { \n\ttext-align:left; \n\tmargin-top:0px; \n\tmargin-bottom:0px; \n} \n\n#cmsmasters_heading_69f38a2852d97 .cmsmasters_heading { \n\ttext-align:left; \n} \n\n#cmsmasters_heading_69f38a2852d97 .cmsmasters_heading, #cmsmasters_heading_69f38a2852d97 .cmsmasters_heading a { \n\tfont-size:18px; \n\tfont-weight:bold; \n\tfont-style:normal; \n\tcolor:#ffffff;\n} \n\n#cmsmasters_heading_69f38a2852d97 .cmsmasters_heading_divider { \n} \n\n<\/style><div id=\"cmsmasters_row_69f38a285249c\" class=\"cmsmasters_row cmsmasters_color_scheme_default cmsmasters_row_top_default cmsmasters_row_bot_default cmsmasters_row_boxed\">\n<div class=\"cmsmasters_row_outer_parent\">\n<div class=\"cmsmasters_row_outer\">\n<div class=\"cmsmasters_row_inner\">\n<div class=\"cmsmasters_row_margin\">\n<div class=\"cmsmasters_column two_third\">\n<div class=\"cmsmasters_img  cmsmasters_image_l\">\n<a href=\"http:\/\/www.ninnikka.fi\/wp-content\/uploads\/2020\/01\/arvopuu_pa\u0308iva\u0308koti_2-1-1.pdf\"><img decoding=\"async\" src=\"http:\/\/www.ninnikka.fi\/wp-content\/uploads\/2020\/01\/arvopuu_pa\u0308iva\u0308koti_2-1-1-pdf-724x1024.jpg\" \/><\/a>\n<\/div>\n<\/div>\n<div class=\"cmsmasters_column one_third\">\n<div class=\"cmsmasters_text\">\n<h2>Arvopuu<\/h2>\n<\/div>\n<div class=\"cmsmasters_text\">\n<p>Klikkaamalla kuvaketta p\u00e4\u00e4set tutustumaan meid\u00e4n arvoperustaa.<\/p>\n<\/div>\n<\/div>\n<\/div>\n<\/div>\n<\/div>\n<\/div>\n<\/div>\n\n<p>[\/cmsmasters_column][\/cmsmasters_row]<div id=\"cmsmasters_row_69f38a2852c47\" class=\"cmsmasters_row cmsmasters_color_scheme_default cmsmasters_row_top_default cmsmasters_row_bot_zigzag cmsmasters_row_boxed\">\n<div class=\"cmsmasters_row_outer_parent\">\n<div class=\"cmsmasters_row_outer\">\n<div class=\"cmsmasters_row_inner\">\n<div class=\"cmsmasters_row_margin\">\n<\/div>\n<\/div>\n<\/div>\n<\/div>\n<\/div>\n<div class=\"cmsmasters_column two_third\">\n\n<div id=\"cmsmasters_heading_69f38a2852d4a\" class=\"cmsmasters_heading_wrap cmsmasters_heading_align_left\">\n\t<h1 class=\"cmsmasters_heading\">Arvopuu<\/h1>\n<\/div>\n<div id=\"cmsmasters_heading_69f38a2852d97\" class=\"cmsmasters_heading_wrap cmsmasters_heading_align_left\">\n\t<h5 class=\"cmsmasters_heading\">Klikkaamalla kuvaketta p\u00e4\u00e4set tutustumaan meid\u00e4n arvoperustaa.<\/h5>\n<\/div>\n<\/div>\n<div class=\"cmsmasters_column one_third\">\n<\/div>\n","protected":false},"excerpt":{"rendered":"<p>[\/cmsmasters_column][\/cmsmasters_row]<\/p>\n","protected":false},"author":1,"featured_media":0,"parent":0,"menu_order":0,"comment_status":"closed","ping_status":"closed","template":"","meta":{"om_disable_all_campaigns":false,"_monsterinsights_skip_tracking":false,"_monsterinsights_sitenote_active":false,"_monsterinsights_sitenote_note":"","_monsterinsights_sitenote_category":0,"footnotes":""},"class_list":["post-9322","page","type-page","status-publish","hentry"],"yoast_head":"<!-- This site is optimized with the Yoast SEO plugin v24.9 - https:\/\/yoast.com\/wordpress\/plugins\/seo\/ -->\n<title>Arvoperusta - Ninnikka P&auml;iv&auml;koti<\/title>\n<meta name=\"robots\" content=\"index, follow, max-snippet:-1, max-image-preview:large, max-video-preview:-1\" \/>\n<link rel=\"canonical\" href=\"http:\/\/www.ninnikka.fi\/index.php\/arvopuu\/\" \/>\n<meta property=\"og:locale\" content=\"en_US\" \/>\n<meta property=\"og:type\" content=\"article\" \/>\n<meta property=\"og:title\" content=\"Arvoperusta - Ninnikka P&auml;iv&auml;koti\" \/>\n<meta property=\"og:description\" content=\"[\/cmsmasters_column][\/cmsmasters_row]\" \/>\n<meta property=\"og:url\" content=\"http:\/\/www.ninnikka.fi\/index.php\/arvopuu\/\" \/>\n<meta property=\"og:site_name\" content=\"Ninnikka P&auml;iv&auml;koti\" \/>\n<meta property=\"article:modified_time\" content=\"2020-01-06T19:27:00+00:00\" \/>\n<meta name=\"twitter:card\" content=\"summary_large_image\" \/>\n<meta name=\"twitter:label1\" content=\"Est. reading time\" \/>\n\t<meta name=\"twitter:data1\" content=\"1 minute\" \/>\n<script type=\"application\/ld+json\" class=\"yoast-schema-graph\">{\"@context\":\"https:\/\/schema.org\",\"@graph\":[{\"@type\":\"WebPage\",\"@id\":\"http:\/\/www.ninnikka.fi\/index.php\/arvopuu\/\",\"url\":\"http:\/\/www.ninnikka.fi\/index.php\/arvopuu\/\",\"name\":\"Arvoperusta - Ninnikka P&auml;iv&auml;koti\",\"isPartOf\":{\"@id\":\"https:\/\/www.ninnikka.fi\/#website\"},\"datePublished\":\"2020-01-06T17:43:52+00:00\",\"dateModified\":\"2020-01-06T19:27:00+00:00\",\"breadcrumb\":{\"@id\":\"http:\/\/www.ninnikka.fi\/index.php\/arvopuu\/#breadcrumb\"},\"inLanguage\":\"en\",\"potentialAction\":[{\"@type\":\"ReadAction\",\"target\":[\"http:\/\/www.ninnikka.fi\/index.php\/arvopuu\/\"]}]},{\"@type\":\"BreadcrumbList\",\"@id\":\"http:\/\/www.ninnikka.fi\/index.php\/arvopuu\/#breadcrumb\",\"itemListElement\":[{\"@type\":\"ListItem\",\"position\":1,\"name\":\"Home\",\"item\":\"http:\/\/www.ninnikka.fi\/\"},{\"@type\":\"ListItem\",\"position\":2,\"name\":\"Arvoperusta\"}]},{\"@type\":\"WebSite\",\"@id\":\"https:\/\/www.ninnikka.fi\/#website\",\"url\":\"https:\/\/www.ninnikka.fi\/\",\"name\":\"Ninnikka P\u00e4iv\u00e4koti\",\"description\":\"Turvallinen ja kodinomainen varhaiskasvatus\",\"publisher\":{\"@id\":\"https:\/\/www.ninnikka.fi\/#organization\"},\"potentialAction\":[{\"@type\":\"SearchAction\",\"target\":{\"@type\":\"EntryPoint\",\"urlTemplate\":\"https:\/\/www.ninnikka.fi\/?s={search_term_string}\"},\"query-input\":{\"@type\":\"PropertyValueSpecification\",\"valueRequired\":true,\"valueName\":\"search_term_string\"}}],\"inLanguage\":\"en\"},{\"@type\":\"Organization\",\"@id\":\"https:\/\/www.ninnikka.fi\/#organization\",\"name\":\"Ninnikka P\u00e4iv\u00e4koti\",\"url\":\"https:\/\/www.ninnikka.fi\/\",\"logo\":{\"@type\":\"ImageObject\",\"inLanguage\":\"en\",\"@id\":\"https:\/\/www.ninnikka.fi\/#\/schema\/logo\/image\/\",\"url\":\"http:\/\/www.ninnikka.fi\/wp-content\/uploads\/2018\/07\/ninnikka_logo_round_small.png\",\"contentUrl\":\"http:\/\/www.ninnikka.fi\/wp-content\/uploads\/2018\/07\/ninnikka_logo_round_small.png\",\"width\":500,\"height\":500,\"caption\":\"Ninnikka P\u00e4iv\u00e4koti\"},\"image\":{\"@id\":\"https:\/\/www.ninnikka.fi\/#\/schema\/logo\/image\/\"}}]}<\/script>\n<!-- \/ Yoast SEO plugin. -->","yoast_head_json":{"title":"Arvoperusta - Ninnikka P&auml;iv&auml;koti","robots":{"index":"index","follow":"follow","max-snippet":"max-snippet:-1","max-image-preview":"max-image-preview:large","max-video-preview":"max-video-preview:-1"},"canonical":"http:\/\/www.ninnikka.fi\/index.php\/arvopuu\/","og_locale":"en_US","og_type":"article","og_title":"Arvoperusta - Ninnikka P&auml;iv&auml;koti","og_description":"[\/cmsmasters_column][\/cmsmasters_row]","og_url":"http:\/\/www.ninnikka.fi\/index.php\/arvopuu\/","og_site_name":"Ninnikka P&auml;iv&auml;koti","article_modified_time":"2020-01-06T19:27:00+00:00","twitter_card":"summary_large_image","twitter_misc":{"Est. reading time":"1 minute"},"schema":{"@context":"https:\/\/schema.org","@graph":[{"@type":"WebPage","@id":"http:\/\/www.ninnikka.fi\/index.php\/arvopuu\/","url":"http:\/\/www.ninnikka.fi\/index.php\/arvopuu\/","name":"Arvoperusta - Ninnikka P&auml;iv&auml;koti","isPartOf":{"@id":"https:\/\/www.ninnikka.fi\/#website"},"datePublished":"2020-01-06T17:43:52+00:00","dateModified":"2020-01-06T19:27:00+00:00","breadcrumb":{"@id":"http:\/\/www.ninnikka.fi\/index.php\/arvopuu\/#breadcrumb"},"inLanguage":"en","potentialAction":[{"@type":"ReadAction","target":["http:\/\/www.ninnikka.fi\/index.php\/arvopuu\/"]}]},{"@type":"BreadcrumbList","@id":"http:\/\/www.ninnikka.fi\/index.php\/arvopuu\/#breadcrumb","itemListElement":[{"@type":"ListItem","position":1,"name":"Home","item":"http:\/\/www.ninnikka.fi\/"},{"@type":"ListItem","position":2,"name":"Arvoperusta"}]},{"@type":"WebSite","@id":"https:\/\/www.ninnikka.fi\/#website","url":"https:\/\/www.ninnikka.fi\/","name":"Ninnikka P\u00e4iv\u00e4koti","description":"Turvallinen ja kodinomainen varhaiskasvatus","publisher":{"@id":"https:\/\/www.ninnikka.fi\/#organization"},"potentialAction":[{"@type":"SearchAction","target":{"@type":"EntryPoint","urlTemplate":"https:\/\/www.ninnikka.fi\/?s={search_term_string}"},"query-input":{"@type":"PropertyValueSpecification","valueRequired":true,"valueName":"search_term_string"}}],"inLanguage":"en"},{"@type":"Organization","@id":"https:\/\/www.ninnikka.fi\/#organization","name":"Ninnikka P\u00e4iv\u00e4koti","url":"https:\/\/www.ninnikka.fi\/","logo":{"@type":"ImageObject","inLanguage":"en","@id":"https:\/\/www.ninnikka.fi\/#\/schema\/logo\/image\/","url":"http:\/\/www.ninnikka.fi\/wp-content\/uploads\/2018\/07\/ninnikka_logo_round_small.png","contentUrl":"http:\/\/www.ninnikka.fi\/wp-content\/uploads\/2018\/07\/ninnikka_logo_round_small.png","width":500,"height":500,"caption":"Ninnikka P\u00e4iv\u00e4koti"},"image":{"@id":"https:\/\/www.ninnikka.fi\/#\/schema\/logo\/image\/"}}]}},"_links":{"self":[{"href":"http:\/\/www.ninnikka.fi\/index.php\/wp-json\/wp\/v2\/pages\/9322","targetHints":{"allow":["GET"]}}],"collection":[{"href":"http:\/\/www.ninnikka.fi\/index.php\/wp-json\/wp\/v2\/pages"}],"about":[{"href":"http:\/\/www.ninnikka.fi\/index.php\/wp-json\/wp\/v2\/types\/page"}],"author":[{"embeddable":true,"href":"http:\/\/www.ninnikka.fi\/index.php\/wp-json\/wp\/v2\/users\/1"}],"replies":[{"embeddable":true,"href":"http:\/\/www.ninnikka.fi\/index.php\/wp-json\/wp\/v2\/comments?post=9322"}],"version-history":[{"count":20,"href":"http:\/\/www.ninnikka.fi\/index.php\/wp-json\/wp\/v2\/pages\/9322\/revisions"}],"predecessor-version":[{"id":9374,"href":"http:\/\/www.ninnikka.fi\/index.php\/wp-json\/wp\/v2\/pages\/9322\/revisions\/9374"}],"wp:attachment":[{"href":"http:\/\/www.ninnikka.fi\/index.php\/wp-json\/wp\/v2\/media?parent=9322"}],"curies":[{"name":"wp","href":"https:\/\/api.w.org\/{rel}","templated":true}]}}