{"id":9401,"date":"2020-06-08T13:42:00","date_gmt":"2020-06-08T13:42:00","guid":{"rendered":"http:\/\/www.ninnikka.fi\/?page_id=9401"},"modified":"2025-08-11T11:38:03","modified_gmt":"2025-08-11T11:38:03","slug":"hae-no-form","status":"publish","type":"page","link":"http:\/\/www.ninnikka.fi\/index.php\/hae-no-form\/","title":{"rendered":"Hae &#8211; no form"},"content":{"rendered":"<style type=\"text\/css\"> \n#cmsmasters_row_69e3801e41bdb .cmsmasters_row_outer_parent { \n\tpadding-top: 60px; \n} \n\n \n#cmsmasters_heading_69e3801e41fde { \n\ttext-align:left; \n\tmargin-top:0px; \n\tmargin-bottom:30px; \n} \n\n#cmsmasters_heading_69e3801e41fde .cmsmasters_heading { \n\ttext-align:left; \n} \n\n#cmsmasters_heading_69e3801e41fde .cmsmasters_heading, #cmsmasters_heading_69e3801e41fde .cmsmasters_heading a { \n\tfont-weight:normal; \n\tfont-style:normal; \n\tcolor:#007097;\n} \n\n#cmsmasters_heading_69e3801e41fde .cmsmasters_heading_divider { \n} \n\n \n#cmsmasters_row_69e3801e421c0 .cmsmasters_row_outer_parent { \n\tpadding-top: 0px; \n} \n\n \n#cmsmasters_divider_69e3801e4229b { \n\tborder-bottom-width:1px; \n\tborder-bottom-style:solid; \n\tpadding-top:50px; \n\tmargin-bottom:50px; \n} \n \n#cmsmasters_row_69e3801e422c4 .cmsmasters_row_outer_parent { \n\tpadding-top: 0px; \n} \n\n#cmsmasters_row_69e3801e422c4 .cmsmasters_row_outer_parent { \n\tpadding-bottom: 50px; \n} \n\n \n#cmsmasters_heading_69e3801e423b4 { \n\ttext-align:left; \n\tmargin-top:0px; \n\tmargin-bottom:20px; \n} \n\n#cmsmasters_heading_69e3801e423b4 .cmsmasters_heading { \n\ttext-align:left; \n} \n\n#cmsmasters_heading_69e3801e423b4 .cmsmasters_heading, #cmsmasters_heading_69e3801e423b4 .cmsmasters_heading a { \n\tfont-weight:normal; \n\tfont-style:normal; \n\tcolor:#007097;\n} \n\n#cmsmasters_heading_69e3801e423b4 .cmsmasters_heading_divider { \n} \n\n \n#cmsmasters_row_69e3801e423ec .cmsmasters_row_outer_parent { \n\tpadding-top: 0px; \n} \n\n#cmsmasters_row_69e3801e423ec .cmsmasters_row_outer_parent { \n\tpadding-bottom: 50px; \n} \n\n\n#cmsmasters_button_69e3801e42579 { \n\ttext-align:center; \n} \n\n#cmsmasters_button_69e3801e42579 .cmsmasters_button:before { \n\tmargin-right:.5em; \n\tmargin-left:0; \n\tvertical-align:baseline; \n} \n\n#cmsmasters_button_69e3801e42579 .cmsmasters_button { \n\tfont-weight:normal; \n\tfont-style:normal; \n\tborder-style:solid; \n\tbackground-color:#007097;\n\tcolor:#ffffff;\n} \n#cmsmasters_button_69e3801e42579 .cmsmasters_button:hover { \n\tbackground-color:#86abb9;\n\tcolor:#ffffff;\n} \n \n#cmsmasters_row_69e3801e425ba .cmsmasters_row_outer_parent { \n\tpadding-top: 0px; \n} \n\n#cmsmasters_row_69e3801e425ba .cmsmasters_row_outer_parent { \n\tpadding-bottom: 50px; \n} \n\n\n#cmsmasters_button_69e3801e42685 { \n\ttext-align:center; \n} \n\n#cmsmasters_button_69e3801e42685 .cmsmasters_button:before { \n\tmargin-right:.5em; \n\tmargin-left:0; \n\tvertical-align:baseline; \n} \n\n#cmsmasters_button_69e3801e42685 .cmsmasters_button { \n\tfont-weight:normal; \n\tfont-style:normal; \n\tborder-style:solid; \n\tbackground-color:#007097;\n\tcolor:#ffffff;\n} \n#cmsmasters_button_69e3801e42685 .cmsmasters_button:hover { \n\tbackground-color:#86abb9;\n\tcolor:#ffffff;\n} \n \n#cmsmasters_row_69e3801e426b9 .cmsmasters_row_outer_parent { \n\tpadding-top: 0px; \n} \n\n#cmsmasters_row_69e3801e426b9 .cmsmasters_row_outer_parent { \n\tpadding-bottom: 50px; \n} \n\n\n#cmsmasters_button_69e3801e42753 { \n\ttext-align:center; \n} \n\n#cmsmasters_button_69e3801e42753 .cmsmasters_button:before { \n\tmargin-right:.5em; \n\tmargin-left:0; \n\tvertical-align:baseline; \n} \n\n#cmsmasters_button_69e3801e42753 .cmsmasters_button { \n\tfont-weight:normal; \n\tfont-style:normal; \n\tborder-style:solid; \n\tbackground-color:#007097;\n\tcolor:#ffffff;\n} \n#cmsmasters_button_69e3801e42753 .cmsmasters_button:hover { \n\tbackground-color:#86abb9;\n\tcolor:#ffffff;\n} \n \n#cmsmasters_row_69e3801e42776 .cmsmasters_row_outer_parent { \n\tpadding-top: 0px; \n} \n\n#cmsmasters_row_69e3801e42776 .cmsmasters_row_outer_parent { \n\tpadding-bottom: 50px; \n} \n\n\n#cmsmasters_button_69e3801e42813 { \n\ttext-align:center; \n} \n\n#cmsmasters_button_69e3801e42813 .cmsmasters_button:before { \n\tmargin-right:.5em; \n\tmargin-left:0; \n\tvertical-align:baseline; \n} \n\n#cmsmasters_button_69e3801e42813 .cmsmasters_button { \n\tfont-weight:normal; \n\tfont-style:normal; \n\tborder-style:solid; \n\tbackground-color:#007097;\n\tcolor:#ffffff;\n} \n#cmsmasters_button_69e3801e42813 .cmsmasters_button:hover { \n\tbackground-color:#86abb9;\n\tcolor:#ffffff;\n} \n<\/style><p>[vc_row][vc_column][vc_column_text]<div id=\"cmsmasters_row_69e3801e41bdb\" class=\"cmsmasters_row cmsmasters_color_scheme_default cmsmasters_row_top_default cmsmasters_row_bot_default cmsmasters_row_boxed\">\n<div class=\"cmsmasters_row_outer_parent\">\n<div class=\"cmsmasters_row_outer\">\n<div class=\"cmsmasters_row_inner\">\n<div class=\"cmsmasters_row_margin\">\n<div class=\"cmsmasters_column one_first\">\n\n<div id=\"cmsmasters_heading_69e3801e41fde\" class=\"cmsmasters_heading_wrap cmsmasters_heading_align_left\">\n\t<h1 class=\"cmsmasters_heading\">N\u00e4in haet varhaiskasvatus- tai esiopetuspaikkaa<\/h1>\n<\/div><div class=\"cmsmasters_text\">\n<p class=\"p1\"><span class=\"s1\">Hakiessasi meilt\u00e4 varhaiskasvatuspaikkaa, ota ensin yhteytt\u00e4 p\u00e4iv\u00e4kodin johtajaan <\/span><span class=\"s1\">Nina Aspegreniin p. 040 5177098. Jos paikkoja on vapaana niin jatkaa hakua.\u00a0<\/span><\/p>\n<p class=\"p1\"><span class=\"s1\">Varhaiskasvatusmaksut ovat samat kuin kunnallisessakin varhaiskasvatuksessa. <\/span><\/p>\n<p class=\"p1\"><span class=\"s1\">Rovaniemell\u00e4 on k\u00e4yt\u00f6ss\u00e4 Edlevo mobiili- ja websovellus kodin ja varhaiskasvatuksen v\u00e4liseen yhteydenpitoon sek\u00e4 varhaiskasvatusaikojen ilmoittamiseen\u00a0<\/span><\/p>\n<\/div>\n<\/div>\n<div class=\"cmsmasters_column one_first\">\n<\/div>\n<\/div>\n<\/div>\n<\/div>\n<\/div>\n<\/div>\n<div id=\"cmsmasters_row_69e3801e421c0\" class=\"cmsmasters_row cmsmasters_color_scheme_default cmsmasters_row_top_default cmsmasters_row_bot_default cmsmasters_row_boxed\">\n<div class=\"cmsmasters_row_outer_parent\">\n<div class=\"cmsmasters_row_outer\">\n<div class=\"cmsmasters_row_inner\">\n<div class=\"cmsmasters_row_margin\">\n<div class=\"cmsmasters_column one_first\">\n\n<div id=\"cmsmasters_divider_69e3801e4229b\" class=\"cmsmasters_divider cmsmasters_divider_width_long cmsmasters_divider_pos_center\"><\/div>\n<\/div>\n<\/div>\n<\/div>\n<\/div>\n<\/div>\n<\/div>\n<div id=\"cmsmasters_row_69e3801e422c4\" class=\"cmsmasters_row cmsmasters_color_scheme_default cmsmasters_row_top_default cmsmasters_row_bot_default cmsmasters_row_boxed\">\n<div class=\"cmsmasters_row_outer_parent\">\n<div class=\"cmsmasters_row_outer\">\n<div class=\"cmsmasters_row_inner\">\n<div class=\"cmsmasters_row_margin\">\n<div class=\"cmsmasters_column one_first\">\n\n<div id=\"cmsmasters_heading_69e3801e423b4\" class=\"cmsmasters_heading_wrap cmsmasters_heading_align_left\">\n\t<h1 class=\"cmsmasters_heading\">Jos paikkoja on vapaana:<\/h1>\n<\/div>\n<\/div>\n<\/div>\n<\/div>\n<\/div>\n<\/div>\n<\/div>\n<div id=\"cmsmasters_row_69e3801e423ec\" class=\"cmsmasters_row cmsmasters_color_scheme_default cmsmasters_row_top_default cmsmasters_row_bot_default cmsmasters_row_boxed\">\n<div class=\"cmsmasters_row_outer_parent\">\n<div class=\"cmsmasters_row_outer\">\n<div class=\"cmsmasters_row_inner\">\n<div class=\"cmsmasters_row_margin\">\n<div class=\"cmsmasters_column two_third\">\n<div class=\"cmsmasters_text\">\n<h3>1. T\u00e4yt\u00e4 ensin s\u00e4hk\u00f6inen palvelusetelihakemus Rovaniemen kaupungin sivuilla:<\/h3>\n<\/div>\n<\/div>\n<div class=\"cmsmasters_column one_third\">\n\n<div id=\"cmsmasters_button_69e3801e42579\" class=\"button_wrap\"><a href=\"https:\/\/www.rovaniemi.fi\/Koulutus-ja-varhaiskasvatus\/Varhaiskasvatus-ja-esiopetus\" class=\"cmsmasters_button\" target=\"_blank\"><span>t\u00e4st\u00e4<\/span><\/a><\/div>\n<\/div>\n<\/div>\n<\/div>\n<\/div>\n<\/div>\n<\/div>\n<div id=\"cmsmasters_row_69e3801e425ba\" class=\"cmsmasters_row cmsmasters_color_scheme_default cmsmasters_row_top_default cmsmasters_row_bot_default cmsmasters_row_boxed\">\n<div class=\"cmsmasters_row_outer_parent\">\n<div class=\"cmsmasters_row_outer\">\n<div class=\"cmsmasters_row_inner\">\n<div class=\"cmsmasters_row_margin\">\n<div class=\"cmsmasters_column two_third\">\n<div class=\"cmsmasters_text\">\n<h3>2. Tulotiedot toimitetaan edlevon tai edlevo App:ss\u00e4<span class=\"s2\">.\u00a0<\/span><\/h3>\n<\/div>\n<\/div>\n<div class=\"cmsmasters_column one_third\">\n\n<div id=\"cmsmasters_button_69e3801e42685\" class=\"button_wrap\"><a href=\"https:\/\/www.suomi.fi\/palvelut\/verkkoasiointi\/edlevo-rovaniemi-rovaniemen-kaupunki\/edb17f79-4094-49e4-8638-71ba2d1560cd\" class=\"cmsmasters_button\" target=\"_blank\"><span>t\u00e4st\u00e4<\/span><\/a><\/div>\n<\/div>\n<\/div>\n<\/div>\n<\/div>\n<\/div>\n<\/div>\n<div id=\"cmsmasters_row_69e3801e426b9\" class=\"cmsmasters_row cmsmasters_color_scheme_default cmsmasters_row_top_default cmsmasters_row_bot_default cmsmasters_row_boxed\">\n<div class=\"cmsmasters_row_outer_parent\">\n<div class=\"cmsmasters_row_outer\">\n<div class=\"cmsmasters_row_inner\">\n<div class=\"cmsmasters_row_margin\">\n<div class=\"cmsmasters_column two_third\">\n<div class=\"cmsmasters_text\">\n<h3 class=\"p1\"><span class=\"s1\">Asiakasmaksuohjeistus:<\/span><\/h3>\n<\/div>\n<\/div>\n<div class=\"cmsmasters_column one_third\">\n\n<div id=\"cmsmasters_button_69e3801e42753\" class=\"button_wrap\"><a href=\"https:\/\/www.rovaniemi.fi\/loader.aspx?id=a2554ad1-460e-4670-b777-72ea4b342d2e\" class=\"cmsmasters_button\" target=\"_blank\"><span>t\u00e4st\u00e4<\/span><\/a><\/div>\n<\/div>\n<\/div>\n<\/div>\n<\/div>\n<\/div>\n<\/div>\n<div id=\"cmsmasters_row_69e3801e42776\" class=\"cmsmasters_row cmsmasters_color_scheme_default cmsmasters_row_top_default cmsmasters_row_bot_default cmsmasters_row_boxed\">\n<div class=\"cmsmasters_row_outer_parent\">\n<div class=\"cmsmasters_row_outer\">\n<div class=\"cmsmasters_row_inner\">\n<div class=\"cmsmasters_row_margin\">\n<div class=\"cmsmasters_column two_third\">\n<div class=\"cmsmasters_text\">\n<h3><span class=\"s2\">3. Palvelusetelip\u00e4\u00e4t\u00f6ksen j\u00e4lkeen perhe ja p\u00e4iv\u00e4koti tekev\u00e4t kirjallisen hoito- ja palvelusopimuksen. Palvelusopimus yksityisess\u00e4 p\u00e4iv\u00e4kodissa:\u00a0<\/span><\/h3>\n<\/div>\n<\/div>\n<div class=\"cmsmasters_column one_third\">\n\n<div id=\"cmsmasters_button_69e3801e42813\" class=\"button_wrap\"><a href=\"http:\/\/www.rovaniemi.fi\/loader.aspx?id=f7fb3e02-db17-488a-b4b4-495318dfb1d8\" class=\"cmsmasters_button\" target=\"_blank\"><span>t\u00e4st\u00e4<\/span><\/a><\/div>\n<\/div>\n<\/div>\n<\/div>\n<\/div>\n<\/div>\n<\/div>\n[\/vc_column_text][\/vc_column][\/vc_row]<\/p>\n","protected":false},"excerpt":{"rendered":"<p>[vc_row][vc_column][vc_column_text][\/vc_column_text][\/vc_column][\/vc_row]<\/p>\n","protected":false},"author":1,"featured_media":0,"parent":0,"menu_order":0,"comment_status":"closed","ping_status":"closed","template":"","meta":{"om_disable_all_campaigns":false,"_monsterinsights_skip_tracking":false,"_monsterinsights_sitenote_active":false,"_monsterinsights_sitenote_note":"","_monsterinsights_sitenote_category":0,"footnotes":""},"class_list":["post-9401","page","type-page","status-publish","hentry"],"yoast_head":"<!-- This site is optimized with the Yoast SEO plugin v24.9 - https:\/\/yoast.com\/wordpress\/plugins\/seo\/ -->\n<title>Hae - no form - Ninnikka P&auml;iv&auml;koti<\/title>\n<meta name=\"robots\" content=\"index, follow, max-snippet:-1, max-image-preview:large, max-video-preview:-1\" \/>\n<link rel=\"canonical\" href=\"http:\/\/www.ninnikka.fi\/index.php\/hae-no-form\/\" \/>\n<meta property=\"og:locale\" content=\"en_US\" \/>\n<meta property=\"og:type\" content=\"article\" \/>\n<meta property=\"og:title\" content=\"Hae - no form - Ninnikka P&auml;iv&auml;koti\" \/>\n<meta property=\"og:description\" content=\"[vc_row][vc_column][vc_column_text][\/vc_column_text][\/vc_column][\/vc_row]\" \/>\n<meta property=\"og:url\" content=\"http:\/\/www.ninnikka.fi\/index.php\/hae-no-form\/\" \/>\n<meta property=\"og:site_name\" content=\"Ninnikka P&auml;iv&auml;koti\" \/>\n<meta property=\"article:modified_time\" content=\"2025-08-11T11:38:03+00:00\" \/>\n<meta name=\"twitter:card\" content=\"summary_large_image\" \/>\n<meta name=\"twitter:label1\" content=\"Est. reading time\" \/>\n\t<meta name=\"twitter:data1\" content=\"2 minutes\" \/>\n<script type=\"application\/ld+json\" class=\"yoast-schema-graph\">{\"@context\":\"https:\/\/schema.org\",\"@graph\":[{\"@type\":\"WebPage\",\"@id\":\"http:\/\/www.ninnikka.fi\/index.php\/hae-no-form\/\",\"url\":\"http:\/\/www.ninnikka.fi\/index.php\/hae-no-form\/\",\"name\":\"Hae - no form - Ninnikka P&auml;iv&auml;koti\",\"isPartOf\":{\"@id\":\"https:\/\/www.ninnikka.fi\/#website\"},\"datePublished\":\"2020-06-08T13:42:00+00:00\",\"dateModified\":\"2025-08-11T11:38:03+00:00\",\"breadcrumb\":{\"@id\":\"http:\/\/www.ninnikka.fi\/index.php\/hae-no-form\/#breadcrumb\"},\"inLanguage\":\"en\",\"potentialAction\":[{\"@type\":\"ReadAction\",\"target\":[\"http:\/\/www.ninnikka.fi\/index.php\/hae-no-form\/\"]}]},{\"@type\":\"BreadcrumbList\",\"@id\":\"http:\/\/www.ninnikka.fi\/index.php\/hae-no-form\/#breadcrumb\",\"itemListElement\":[{\"@type\":\"ListItem\",\"position\":1,\"name\":\"Home\",\"item\":\"https:\/\/www.ninnikka.fi\/\"},{\"@type\":\"ListItem\",\"position\":2,\"name\":\"Hae &#8211; no form\"}]},{\"@type\":\"WebSite\",\"@id\":\"https:\/\/www.ninnikka.fi\/#website\",\"url\":\"https:\/\/www.ninnikka.fi\/\",\"name\":\"Ninnikka P\u00e4iv\u00e4koti\",\"description\":\"Turvallinen ja kodinomainen varhaiskasvatus\",\"publisher\":{\"@id\":\"https:\/\/www.ninnikka.fi\/#organization\"},\"potentialAction\":[{\"@type\":\"SearchAction\",\"target\":{\"@type\":\"EntryPoint\",\"urlTemplate\":\"https:\/\/www.ninnikka.fi\/?s={search_term_string}\"},\"query-input\":{\"@type\":\"PropertyValueSpecification\",\"valueRequired\":true,\"valueName\":\"search_term_string\"}}],\"inLanguage\":\"en\"},{\"@type\":\"Organization\",\"@id\":\"https:\/\/www.ninnikka.fi\/#organization\",\"name\":\"Ninnikka P\u00e4iv\u00e4koti\",\"url\":\"https:\/\/www.ninnikka.fi\/\",\"logo\":{\"@type\":\"ImageObject\",\"inLanguage\":\"en\",\"@id\":\"https:\/\/www.ninnikka.fi\/#\/schema\/logo\/image\/\",\"url\":\"http:\/\/www.ninnikka.fi\/wp-content\/uploads\/2018\/07\/ninnikka_logo_round_small.png\",\"contentUrl\":\"http:\/\/www.ninnikka.fi\/wp-content\/uploads\/2018\/07\/ninnikka_logo_round_small.png\",\"width\":500,\"height\":500,\"caption\":\"Ninnikka P\u00e4iv\u00e4koti\"},\"image\":{\"@id\":\"https:\/\/www.ninnikka.fi\/#\/schema\/logo\/image\/\"}}]}<\/script>\n<!-- \/ Yoast SEO plugin. -->","yoast_head_json":{"title":"Hae - no form - Ninnikka P&auml;iv&auml;koti","robots":{"index":"index","follow":"follow","max-snippet":"max-snippet:-1","max-image-preview":"max-image-preview:large","max-video-preview":"max-video-preview:-1"},"canonical":"http:\/\/www.ninnikka.fi\/index.php\/hae-no-form\/","og_locale":"en_US","og_type":"article","og_title":"Hae - no form - Ninnikka P&auml;iv&auml;koti","og_description":"[vc_row][vc_column][vc_column_text][\/vc_column_text][\/vc_column][\/vc_row]","og_url":"http:\/\/www.ninnikka.fi\/index.php\/hae-no-form\/","og_site_name":"Ninnikka P&auml;iv&auml;koti","article_modified_time":"2025-08-11T11:38:03+00:00","twitter_card":"summary_large_image","twitter_misc":{"Est. reading time":"2 minutes"},"schema":{"@context":"https:\/\/schema.org","@graph":[{"@type":"WebPage","@id":"http:\/\/www.ninnikka.fi\/index.php\/hae-no-form\/","url":"http:\/\/www.ninnikka.fi\/index.php\/hae-no-form\/","name":"Hae - no form - Ninnikka P&auml;iv&auml;koti","isPartOf":{"@id":"https:\/\/www.ninnikka.fi\/#website"},"datePublished":"2020-06-08T13:42:00+00:00","dateModified":"2025-08-11T11:38:03+00:00","breadcrumb":{"@id":"http:\/\/www.ninnikka.fi\/index.php\/hae-no-form\/#breadcrumb"},"inLanguage":"en","potentialAction":[{"@type":"ReadAction","target":["http:\/\/www.ninnikka.fi\/index.php\/hae-no-form\/"]}]},{"@type":"BreadcrumbList","@id":"http:\/\/www.ninnikka.fi\/index.php\/hae-no-form\/#breadcrumb","itemListElement":[{"@type":"ListItem","position":1,"name":"Home","item":"https:\/\/www.ninnikka.fi\/"},{"@type":"ListItem","position":2,"name":"Hae &#8211; no form"}]},{"@type":"WebSite","@id":"https:\/\/www.ninnikka.fi\/#website","url":"https:\/\/www.ninnikka.fi\/","name":"Ninnikka P\u00e4iv\u00e4koti","description":"Turvallinen ja kodinomainen varhaiskasvatus","publisher":{"@id":"https:\/\/www.ninnikka.fi\/#organization"},"potentialAction":[{"@type":"SearchAction","target":{"@type":"EntryPoint","urlTemplate":"https:\/\/www.ninnikka.fi\/?s={search_term_string}"},"query-input":{"@type":"PropertyValueSpecification","valueRequired":true,"valueName":"search_term_string"}}],"inLanguage":"en"},{"@type":"Organization","@id":"https:\/\/www.ninnikka.fi\/#organization","name":"Ninnikka P\u00e4iv\u00e4koti","url":"https:\/\/www.ninnikka.fi\/","logo":{"@type":"ImageObject","inLanguage":"en","@id":"https:\/\/www.ninnikka.fi\/#\/schema\/logo\/image\/","url":"http:\/\/www.ninnikka.fi\/wp-content\/uploads\/2018\/07\/ninnikka_logo_round_small.png","contentUrl":"http:\/\/www.ninnikka.fi\/wp-content\/uploads\/2018\/07\/ninnikka_logo_round_small.png","width":500,"height":500,"caption":"Ninnikka P\u00e4iv\u00e4koti"},"image":{"@id":"https:\/\/www.ninnikka.fi\/#\/schema\/logo\/image\/"}}]}},"_links":{"self":[{"href":"http:\/\/www.ninnikka.fi\/index.php\/wp-json\/wp\/v2\/pages\/9401","targetHints":{"allow":["GET"]}}],"collection":[{"href":"http:\/\/www.ninnikka.fi\/index.php\/wp-json\/wp\/v2\/pages"}],"about":[{"href":"http:\/\/www.ninnikka.fi\/index.php\/wp-json\/wp\/v2\/types\/page"}],"author":[{"embeddable":true,"href":"http:\/\/www.ninnikka.fi\/index.php\/wp-json\/wp\/v2\/users\/1"}],"replies":[{"embeddable":true,"href":"http:\/\/www.ninnikka.fi\/index.php\/wp-json\/wp\/v2\/comments?post=9401"}],"version-history":[{"count":17,"href":"http:\/\/www.ninnikka.fi\/index.php\/wp-json\/wp\/v2\/pages\/9401\/revisions"}],"predecessor-version":[{"id":9632,"href":"http:\/\/www.ninnikka.fi\/index.php\/wp-json\/wp\/v2\/pages\/9401\/revisions\/9632"}],"wp:attachment":[{"href":"http:\/\/www.ninnikka.fi\/index.php\/wp-json\/wp\/v2\/media?parent=9401"}],"curies":[{"name":"wp","href":"https:\/\/api.w.org\/{rel}","templated":true}]}}